{"id":9,"date":"2022-10-08T03:07:24","date_gmt":"2022-10-08T01:07:24","guid":{"rendered":"http:\/\/fluffyframes.com\/?page_id=9"},"modified":"2022-10-13T22:59:44","modified_gmt":"2022-10-13T20:59:44","slug":"returns","status":"publish","type":"page","link":"https:\/\/fluffyframes.com\/fr\/returns\/","title":{"rendered":"Politique de remboursement et de retour"},"content":{"rendered":"<p>Malheureusement, \u00e9tant donn\u00e9 que tous nos dessins sont uniques et personnalis\u00e9s uniquement pour votre animal, nous ne pouvons pas accepter les retours ou les remboursements.<\/p>\n\n\n\n<p>L'\u0153uvre d'art est con\u00e7ue et personnalis\u00e9e juste pour vous.<\/p>\n\n\n\n<p class=\" translation-block\">Si vous n'\u00eates pas satisfait, veuillez <a href=\"https:\/\/fluffyframes.com\/fr\/contact\/\" title=\"\" target=\"_self\">contactez-nous<\/a> directement et nous essaierons de vous aider. Nous nous effor\u00e7ons toujours de faire en sorte que vous soyez heureux et satisfait du r\u00e9sultat final.<\/p>\n\n\n\n<p>Toutefois, si vous n'avez pas re\u00e7u le bon produit ou s'il y a eu un probl\u00e8me avec la livraison, par exemple si votre colis s'est perdu ou est arriv\u00e9 endommag\u00e9, nous vous donnerons la possibilit\u00e9 de recevoir un nouveau produit gratuitement ou de recevoir un remboursement complet. Dans ce cas, veuillez nous en informer dans les 48 heures suivant la r\u00e9ception de votre commande.<\/p>\n\n\n\n<p>Nous offrons une r\u00e9vision illimit\u00e9e avant d'envoyer votre portrait aux imprimeurs. Une fois que vous aurez re\u00e7u le design par e-mail, vous aurez 3 jours pour le confirmer ou nous faire part de vos commentaires. Si nous n'avons pas de nouvelles de votre part apr\u00e8s 3 jours, nous supposons que vous \u00eates satisfait du r\u00e9sultat et nous l'envoyons aux laboratoires.<\/p>\n\n\n\n<p class=\" translation-block\">Nous proposons de petites modifications qui peuvent \u00eatre apport\u00e9es \u00e0 l'\u0153uvre d'art. Si vous souhaitez une modification substantielle du portrait original (par exemple, une nouvelle photo ou un changement de fond), vous avez la possibilit\u00e9 de changer la photo OU de changer le sujet uniquement. <strong>une fois <\/strong>pour une commande. <br>Si vous souhaitez effectuer un changement important plusieurs fois (par exemple, une nouvelle photo ou un changement de sujet), notre \u00e9quipe d'assistance client\u00e8le peut vous envoyer une facture de 10 \u20ac pour couvrir la cr\u00e9ation du nouveau design.<\/p>\n\n\n\n<p class=\" translation-block\">Enfin, nous utiliserons la photo que vous t\u00e9l\u00e9chargez avec la commande pour cr\u00e9er le portrait final. La qualit\u00e9 de la photo aura un impact consid\u00e9rable sur le chef-d'\u0153uvre final. Afin d'assurer un r\u00e9sultat optimal, nous vous conseillons vivement de consulter notre guide <a href=\"https:\/\/fluffyframes.com\/fr\/how-it-works\/#how-to-header\" title=\"\" target=\"_self\">ici <\/a>sur la fa\u00e7on de prendre la meilleure photo de votre animal.<\/p>\n\n\n\n<h5 class=\"wp-block-heading\">Articles suppl\u00e9mentaires non retournables :<\/h5>\n\n\n\n<ul><li>Cartes cadeaux<\/li><\/ul>\n\n\n\n<h2 class=\"wp-block-heading\">Annulation<\/h2>\n\n\n\n<p class=\" translation-block\">Si vous avez pass\u00e9 une commande r\u00e9cemment et que vous avez chang\u00e9 d'avis, vous pouvez annuler votre commande dans les 24 heures en nous contactant directement \u00e0 l'adresse suivante <a href=\"mailto:support@fluffyframes.com\" target=\"_self\">support@fluffyframes.com<\/a> en pr\u00e9cisant votre nom complet et votre num\u00e9ro de commande. Si 24 heures se sont \u00e9coul\u00e9es, l'annulation ne sera plus possible.<\/p>\n\n\n\n<h2 class=\"wp-block-heading\">Vous avez besoin d'aide ?<\/h2>\n\n\n\n<p class=\" translation-block\">Contactez-nous \u00e0 <a href=\"mailto:support@fluffyframes.com\" target=\"_self\">support@fluffyframes.com<\/a> pour les questions relatives aux remboursements et aux retours.<\/p>","protected":false},"excerpt":{"rendered":"<p>Unfortunately, since all our designs are unique and personalized only for your pet we cannot accepts returns or refunds. The artwork is designed and personalized just for you. If you feel not satisfied please contact us directly and we will try to help. We always endeavor to make sure you&#8217;re happy and satisfied with the &hellip;<\/p>\n<p class=\"read-more\"> <a class=\"\" href=\"https:\/\/fluffyframes.com\/fr\/returns\/\"> <span class=\"screen-reader-text\">Politique de remboursement et de retour<\/span> Lire la suite\u00a0\u00bb<\/a><\/p>","protected":false},"author":1,"featured_media":0,"parent":0,"menu_order":0,"comment_status":"closed","ping_status":"closed","template":"","meta":{"_uag_custom_page_level_css":"","site-sidebar-layout":"default","site-content-layout":"default","ast-global-header-display":"","ast-banner-title-visibility":"","ast-main-header-display":"","ast-hfb-above-header-display":"","ast-hfb-below-header-display":"","ast-hfb-mobile-header-display":"","site-post-title":"","ast-breadcrumbs-content":"","ast-featured-img":"","footer-sml-layout":"","theme-transparent-header-meta":"","adv-header-id-meta":"","stick-header-meta":"","header-above-stick-meta":"","header-main-stick-meta":"","header-below-stick-meta":"","footnotes":""},"aioseo_notices":[],"jetpack_sharing_enabled":true,"uagb_featured_image_src":{"full":false,"thumbnail":false,"medium":false,"medium_large":false,"large":false,"1536x1536":false,"2048x2048":false,"trp-custom-language-flag":false,"woocommerce_thumbnail":false,"woocommerce_single":false,"woocommerce_gallery_thumbnail":false},"uagb_author_info":{"display_name":"Admin","author_link":"https:\/\/fluffyframes.com\/fr\/author\/redavid5221gmail-com\/"},"uagb_comment_info":0,"uagb_excerpt":"Unfortunately, since all our designs are unique and personalized only for your pet we cannot accepts returns or refunds. The artwork is designed and personalized just for you. If you feel not satisfied please contact us directly and we will try to help. We always endeavor to make sure you&#8217;re happy and satisfied with the\u2026","_links":{"self":[{"href":"https:\/\/fluffyframes.com\/fr\/wp-json\/wp\/v2\/pages\/9"}],"collection":[{"href":"https:\/\/fluffyframes.com\/fr\/wp-json\/wp\/v2\/pages"}],"about":[{"href":"https:\/\/fluffyframes.com\/fr\/wp-json\/wp\/v2\/types\/page"}],"author":[{"embeddable":true,"href":"https:\/\/fluffyframes.com\/fr\/wp-json\/wp\/v2\/users\/1"}],"replies":[{"embeddable":true,"href":"https:\/\/fluffyframes.com\/fr\/wp-json\/wp\/v2\/comments?post=9"}],"version-history":[{"count":14,"href":"https:\/\/fluffyframes.com\/fr\/wp-json\/wp\/v2\/pages\/9\/revisions"}],"predecessor-version":[{"id":2089,"href":"https:\/\/fluffyframes.com\/fr\/wp-json\/wp\/v2\/pages\/9\/revisions\/2089"}],"wp:attachment":[{"href":"https:\/\/fluffyframes.com\/fr\/wp-json\/wp\/v2\/media?parent=9"}],"curies":[{"name":"wp","href":"https:\/\/api.w.org\/{rel}","templated":true}]}}