{"id":3,"date":"2022-09-30T08:44:58","date_gmt":"2022-09-30T08:44:58","guid":{"rendered":"http:\/\/fluffyframes.com\/?page_id=3"},"modified":"2022-12-03T18:38:04","modified_gmt":"2022-12-03T16:38:04","slug":"privacy-policy","status":"publish","type":"page","link":"https:\/\/fluffyframes.com\/fr\/privacy-policy\/","title":{"rendered":"Politique de confidentialit\u00e9"},"content":{"rendered":"<h2 class=\"wp-block-heading\">Qui sommes-nous ?<\/h2>\n\n\n\n<p>Cette politique de confidentialit\u00e9 d\u00e9crit comment vos informations personnelles sont collect\u00e9es, utilis\u00e9es et partag\u00e9es lorsque vous visitez ou faites un achat sur fluffyframes.com. (le \"site\").<\/p>\n\n\n\n<h2 class=\"wp-block-heading\">Ce que nous collectons et stockons<\/h2>\n\n\n\n<p>Pendant que vous visitez notre site, nous suivrons :<\/p>\n\n\n\n<ul>\n<li>Produits que vous avez consult\u00e9s : nous utiliserons ces informations pour vous montrer, par exemple, les produits que vous avez consult\u00e9s r\u00e9cemment.<\/li>\n\n\n\n<li>Localisation, adresse IP et type de navigateur : nous les utiliserons \u00e0 des fins telles que l'estimation des taxes et des frais d'exp\u00e9dition.<\/li>\n\n\n\n<li>Adresse d'exp\u00e9dition : nous vous demanderons de l'indiquer afin de pouvoir, par exemple, estimer les frais d'exp\u00e9dition avant que vous ne passiez commande, et vous envoyer la commande !<\/li>\n<\/ul>\n\n\n\n<p>Nous utiliserons \u00e9galement des cookies pour suivre le contenu de votre panier pendant que vous naviguez sur notre site.<\/p>\n\n\n\n<p>Lorsque vous effectuez un achat chez nous, nous vous demandons de fournir des informations, notamment votre nom, votre adresse de facturation, votre adresse de livraison, votre adresse \u00e9lectronique, votre num\u00e9ro de t\u00e9l\u00e9phone, les d\u00e9tails de votre carte de cr\u00e9dit\/paiement et des informations facultatives sur votre compte, comme votre nom d'utilisateur et votre mot de passe. Nous utiliserons ces informations \u00e0 des fins, notamment, pour :<\/p>\n\n\n\n<ul>\n<li>vous envoyer des informations sur votre compte et votre commande<\/li>\n\n\n\n<li>r\u00e9pondre \u00e0 vos demandes, y compris les remboursements et les plaintes<\/li>\n\n\n\n<li>Traiter les paiements et pr\u00e9venir la fraude<\/li>\n\n\n\n<li>Cr\u00e9ez votre compte pour notre magasin<\/li>\n\n\n\n<li>respecter les obligations l\u00e9gales qui nous incombent, comme le calcul des imp\u00f4ts<\/li>\n\n\n\n<li>Am\u00e9liorer l'offre de nos magasins<\/li>\n\n\n\n<li>vous envoyer des messages de marketing, si vous choisissez de les recevoir<\/li>\n<\/ul>\n\n\n\n<p>Si vous cr\u00e9ez un compte, nous enregistrons votre nom, votre adresse, votre adresse \u00e9lectronique et votre num\u00e9ro de t\u00e9l\u00e9phone, qui seront utilis\u00e9s pour remplir la caisse lors de vos futures commandes.<\/p>\n\n\n\n<p>Nous conservons les informations vous concernant aussi longtemps que nous en avons besoin \u00e0 des fins fiscales et comptables. Ces informations comprennent votre nom, votre adresse \u00e9lectronique et vos adresses de facturation et de livraison.<\/p>\n\n\n\n<p>Nous conserverons \u00e9galement les commentaires ou les critiques, si vous choisissez de les laisser.<\/p>\n\n\n\n<h2 class=\"wp-block-heading\">Qui dans notre \u00e9quipe a acc\u00e8s<\/h2>\n\n\n\n<p>Les membres de notre \u00e9quipe ont acc\u00e8s aux informations que vous nous fournissez. Par exemple, les administrateurs et les responsables de magasin peuvent y acc\u00e9der :<\/p>\n\n\n\n<ul>\n<li>Des informations sur les commandes, comme ce qui a \u00e9t\u00e9 achet\u00e9, la date d'achat et l'endroit o\u00f9 il doit \u00eatre envoy\u00e9, et<\/li>\n\n\n\n<li>Les informations relatives aux clients, telles que votre nom, votre adresse \u00e9lectronique et vos informations de facturation et d'exp\u00e9dition.<\/li>\n<\/ul>\n\n\n\n<p>Les membres de notre \u00e9quipe ont acc\u00e8s \u00e0 ces informations afin d'ex\u00e9cuter les commandes, de traiter les remboursements et de vous aider.<\/p>\n\n\n\n<h2 class=\"wp-block-heading\">Ce que nous partageons avec les autres<\/h2>\n\n\n\n<p>Nous partageons des informations avec des tiers qui nous aident \u00e0 vous fournir nos services de commande et de stockage, par exemple<\/p>\n\n\n\n<h2 class=\"wp-block-heading\">Paiements<\/h2>\n\n\n\n<p>Nous recueillons des informations sur vous pendant la proc\u00e9dure de paiement sur notre boutique.<\/p>\n\n\n\n<p>Nous acceptons les paiements par l'interm\u00e9diaire de PayPal. Lors du traitement des paiements, certaines de vos donn\u00e9es seront transmises \u00e0 PayPal, notamment les informations n\u00e9cessaires au traitement ou \u00e0 la prise en charge du paiement, telles que le montant total de l'achat et les informations de facturation.<\/p>\n\n\n\n<p class=\" translation-block\">Veuillez consulter le\u00a0<a href=\"https:\/\/www.paypal.com\/us\/webapps\/mpp\/ua\/privacy-full\" target=\"_blank\" rel=\"noopener\">Politique de confidentialit\u00e9 de PayPal (EN)<\/a>\u00a0pour plus de d\u00e9tails.<\/p>\n\n\n\n<p class=\" translation-block\">Nous utilisons Stripe comme principale passerelle de paiement. Vous pouvez voir le <a href=\"https:\/\/stripe.com\/gb\/privacy\" target=\"_blank\" rel=\"noopener\">Politique de confidentialit\u00e9 de Stripe (EN)<\/a> pour plus de d\u00e9tails.<\/p>\n\n\n\n<h2 class=\"wp-block-heading\">Informations personnelles que nous recueillons<\/h2>\n\n\n\n<p>Lorsque vous visitez le Site, nous recueillons automatiquement certaines informations sur votre appareil, notamment des informations sur votre navigateur Web, votre adresse IP, votre fuseau horaire et certains des cookies install\u00e9s sur votre appareil. En outre, lorsque vous naviguez sur le site, nous recueillons des informations sur les pages Web ou les produits individuels que vous consultez, sur les sites Web ou les termes de recherche qui vous ont renvoy\u00e9 au site et sur la mani\u00e8re dont vous interagissez avec le site. Nous d\u00e9signons ces informations collect\u00e9es automatiquement par le terme \"Informations sur les appareils\".<\/p>\n\n\n\n<h2 class=\"wp-block-heading\">Media<\/h2>\n\n\n\n<p>Si vous t\u00e9l\u00e9chargez des images sur le site Web, vous devez \u00e9viter de le faire avec des donn\u00e9es de localisation int\u00e9gr\u00e9es (GPS EXIF). Les visiteurs du site web peuvent t\u00e9l\u00e9charger et extraire toutes les donn\u00e9es de localisation des images pr\u00e9sentes sur le site.<\/p>\n\n\n\n<h2 class=\"wp-block-heading\">Combien de temps nous conservons vos donn\u00e9es<\/h2>\n\n\n\n<p>Si vous laissez un commentaire ou une critique, le contenu et ses m\u00e9tadonn\u00e9es sont conserv\u00e9s ind\u00e9finiment. Cela nous permet de reconna\u00eetre et d'approuver automatiquement les commentaires de suivi au lieu de les garder dans une file d'attente de mod\u00e9ration.<\/p>\n\n\n\n<p>Pour les utilisateurs qui s'inscrivent sur notre site web (le cas \u00e9ch\u00e9ant), nous stockons \u00e9galement les informations personnelles qu'ils fournissent dans leur profil d'utilisateur. Tous les utilisateurs peuvent consulter, modifier ou supprimer leurs informations personnelles \u00e0 tout moment (sauf qu'ils ne peuvent pas modifier leur nom d'utilisateur). Les administrateurs du site web peuvent \u00e9galement voir et modifier ces informations.<\/p>\n\n\n\n<h2 class=\"wp-block-heading\">Les droits dont vous disposez sur vos donn\u00e9es<\/h2>\n\n\n\n<p>Si vous avez un compte sur ce site, ou si vous avez laiss\u00e9 des commentaires, vous pouvez demander \u00e0 recevoir un fichier export\u00e9 des donn\u00e9es personnelles que nous d\u00e9tenons \u00e0 votre sujet, y compris les donn\u00e9es que vous nous avez fournies. Vous pouvez \u00e9galement nous demander d'effacer toutes les donn\u00e9es personnelles que nous d\u00e9tenons \u00e0 votre sujet. Ceci n'inclut pas les donn\u00e9es que nous sommes oblig\u00e9s de conserver \u00e0 des fins administratives, l\u00e9gales ou de s\u00e9curit\u00e9.<\/p>\n\n\n\n<h2 class=\"wp-block-heading\">O\u00f9 vos donn\u00e9es sont envoy\u00e9es<\/h2>\n\n\n\n<p>Les commentaires et critiques des visiteurs peuvent \u00eatre v\u00e9rifi\u00e9s par un service automatis\u00e9 de d\u00e9tection des spams.<\/p>\n\n\n\n<h2 class=\"wp-block-heading\">Cache<\/h2>\n\n\n\n<p class=\" translation-block\">Ce site utilise la mise en m\u00e9moire cache afin de faciliter un temps de r\u00e9ponse plus rapide et une meilleure exp\u00e9rience utilisateur. La mise en m\u00e9moire cache stocke potentiellement une copie de chaque page Web affich\u00e9e sur ce site. Tous les fichiers de cache sont temporaires et aucun tiers n'y a acc\u00e8s, sauf si cela est n\u00e9cessaire pour obtenir une assistance technique de la part du fournisseur du plugin de cache. Les fichiers de cache expirent selon un calendrier d\u00e9fini par l'administrateur du site, mais peuvent facilement \u00eatre purg\u00e9s par l'administrateur avant leur expiration naturelle, si n\u00e9cessaire. Nous pouvons utiliser les services en nuage de QUIC pour traiter et mettre temporairement vos donn\u00e9es en cache. Veuillez consulter\u00a0<a href=\"https:\/\/quic.cloud\/privacy-policy\/\" target=\"_blank\" rel=\"noreferrer noopener\">https:\/\/quic.cloud\/privacy-policy\/<\/a> pour plus de d\u00e9tails.<\/p>\n\n\n\n<h2 class=\"wp-block-heading\">Bulletin d'information et emails<\/h2>\n\n\n\n<p>Si vous vous \u00eates abonn\u00e9 \u00e0 notre bulletin d'information, si vous \u00eates membre de notre site web (vous pouvez vous connecter) ou si vous avez effectu\u00e9 un achat sur notre site web, il y a de fortes chances que vous receviez des courriels de notre part.<\/p>\n\n\n\n<p>Nous ne vous enverrons que les courriels que vous avez accept\u00e9 de recevoir ou qui se rapportent aux services que nous vous avons fournis.<\/p>\n\n\n\n<p>Pour vous envoyer des courriels, nous utilisons le nom et l'adresse \u00e9lectronique que vous nous fournissez. Notre site enregistre \u00e9galement l'adresse IP que vous avez utilis\u00e9e lorsque vous vous \u00eates inscrit au service afin d'\u00e9viter tout abus du syst\u00e8me.<\/p>\n\n\n\n<p class=\" translation-block\">Ce site web peut envoyer des courriels par l'interm\u00e9diaire d'un serveur externe\u00a0<a href=\"https:\/\/www.mailpoet.com\/privacy-notice\/\" target=\"_blank\" rel=\"noreferrer noopener\">service d'envoi<\/a>. Ce service nous permet de suivre les ouvertures et les clics sur nos e-mails. Nous utilisons ces informations pour am\u00e9liorer le contenu de nos newsletters.<\/p>\n\n\n\n<p>Aucune information identifiable n'est par ailleurs suivie en dehors de ce site web, \u00e0 l'exception de l'adresse \u00e9lectronique.<\/p>","protected":false},"excerpt":{"rendered":"<p>Who we are This Privacy Policy describes how your personal information is collected, used, and shared when you visit or make a purchase from fluffyframes.com. (the \u201cSite\u201d). What we collect and store While you visit our site, we\u2019ll track: We\u2019ll also use cookies to keep track of basket contents while you\u2019re browsing our site. When &hellip;<\/p>\n<p class=\"read-more\"> <a class=\"\" href=\"https:\/\/fluffyframes.com\/fr\/privacy-policy\/\"> <span class=\"screen-reader-text\">Politique de confidentialit\u00e9<\/span> Lire la suite\u00a0\u00bb<\/a><\/p>","protected":false},"author":1,"featured_media":0,"parent":0,"menu_order":0,"comment_status":"closed","ping_status":"open","template":"","meta":{"_uag_custom_page_level_css":"","site-sidebar-layout":"default","site-content-layout":"default","ast-global-header-display":"","ast-banner-title-visibility":"","ast-main-header-display":"","ast-hfb-above-header-display":"","ast-hfb-below-header-display":"","ast-hfb-mobile-header-display":"","site-post-title":"","ast-breadcrumbs-content":"","ast-featured-img":"","footer-sml-layout":"","theme-transparent-header-meta":"","adv-header-id-meta":"","stick-header-meta":"","header-above-stick-meta":"","header-main-stick-meta":"","header-below-stick-meta":"","footnotes":""},"aioseo_notices":[],"jetpack_sharing_enabled":true,"uagb_featured_image_src":{"full":false,"thumbnail":false,"medium":false,"medium_large":false,"large":false,"1536x1536":false,"2048x2048":false,"trp-custom-language-flag":false,"woocommerce_thumbnail":false,"woocommerce_single":false,"woocommerce_gallery_thumbnail":false},"uagb_author_info":{"display_name":"Admin","author_link":"https:\/\/fluffyframes.com\/fr\/author\/redavid5221gmail-com\/"},"uagb_comment_info":0,"uagb_excerpt":"Who we are This Privacy Policy describes how your personal information is collected, used, and shared when you visit or make a purchase from fluffyframes.com. (the \u201cSite\u201d). What we collect and store While you visit our site, we\u2019ll track: We\u2019ll also use cookies to keep track of basket contents while you\u2019re browsing our site. When\u2026","_links":{"self":[{"href":"https:\/\/fluffyframes.com\/fr\/wp-json\/wp\/v2\/pages\/3"}],"collection":[{"href":"https:\/\/fluffyframes.com\/fr\/wp-json\/wp\/v2\/pages"}],"about":[{"href":"https:\/\/fluffyframes.com\/fr\/wp-json\/wp\/v2\/types\/page"}],"author":[{"embeddable":true,"href":"https:\/\/fluffyframes.com\/fr\/wp-json\/wp\/v2\/users\/1"}],"replies":[{"embeddable":true,"href":"https:\/\/fluffyframes.com\/fr\/wp-json\/wp\/v2\/comments?post=3"}],"version-history":[{"count":7,"href":"https:\/\/fluffyframes.com\/fr\/wp-json\/wp\/v2\/pages\/3\/revisions"}],"predecessor-version":[{"id":2348,"href":"https:\/\/fluffyframes.com\/fr\/wp-json\/wp\/v2\/pages\/3\/revisions\/2348"}],"wp:attachment":[{"href":"https:\/\/fluffyframes.com\/fr\/wp-json\/wp\/v2\/media?parent=3"}],"curies":[{"name":"wp","href":"https:\/\/api.w.org\/{rel}","templated":true}]}}