{"id":1696,"date":"2022-10-08T02:32:19","date_gmt":"2022-10-08T00:32:19","guid":{"rendered":"https:\/\/fluffyframes.com\/?page_id=1696"},"modified":"2022-10-11T09:14:37","modified_gmt":"2022-10-11T07:14:37","slug":"how-it-works","status":"publish","type":"page","link":"https:\/\/fluffyframes.com\/fr\/how-it-works\/","title":{"rendered":"Comment \u00e7a marche"},"content":{"rendered":"<div class=\"wp-block-columns is-layout-flex wp-container-core-columns-layout-1 wp-block-columns-is-layout-flex\" style=\"padding-top:3%;padding-right:3%;padding-bottom:3%;padding-left:3%\">\n<div class=\"wp-block-column is-layout-flow wp-block-column-is-layout-flow\" style=\"flex-basis:33.33%\">\n<div class=\"wp-block-uagb-image uagb-block-6ee0ef7b wp-block-uagb-image--layout-default wp-block-uagb-image--effect-static wp-block-uagb-image--align-center\"><figure class=\"wp-block-uagb-image__figure\"><img loading=\"lazy\" decoding=\"async\" srcset=\"https:\/\/i0.wp.com\/fluffyframes.com\/wp-content\/uploads\/2022\/10\/click-mobile-phone-2406.png?resize=64%2C64&#038;ssl=1 \" src=\"https:\/\/i0.wp.com\/fluffyframes.com\/wp-content\/uploads\/2022\/10\/click-mobile-phone-2406.png?resize=64%2C64&#038;ssl=1\" alt=\"\" class=\"uag-image-1900\" width=\"64\" height=\"64\" title=\"\" data-recalc-dims=\"1\"\/><\/figure><\/div>\n\n\n\n<div class=\"wp-block-uagb-info-box uagb-block-ee0d6fc6 uagb-infobox__content-wrap  uagb-infobox-icon-above-title uagb-infobox-image-valign-top\"><div class=\"uagb-ifb-content\"><div class=\"uagb-ifb-title-wrap\"><h3 class=\"uagb-ifb-title\">Choisissez le th\u00e8me<\/h3><\/div><p class=\"uagb-ifb-desc translation-block\">Choisissez parmi notre liste de portraaits celui qui convient le mieux \u00e0 votre animal.<br>D\u00e9couvrez notre collection <a href=\"https:\/\/fluffyframes.com\/fr\/shop\" title=\"Notre collection compl\u00e8te\" target=\"_self\">ici<\/a>.<\/p><\/div><\/div>\n<\/div>\n\n\n\n<div class=\"wp-block-column is-layout-flow wp-block-column-is-layout-flow\" style=\"flex-basis:33.33%\">\n<div class=\"wp-block-uagb-image uagb-block-8c5eae46 wp-block-uagb-image--layout-default wp-block-uagb-image--effect-static wp-block-uagb-image--align-center\"><figure class=\"wp-block-uagb-image__figure\"><img decoding=\"async\" srcset=\"https:\/\/i0.wp.com\/fluffyframes.com\/wp-content\/uploads\/2022\/10\/laptop-upload-data-12469.png?ssl=1 \" src=\"https:\/\/i0.wp.com\/fluffyframes.com\/wp-content\/uploads\/2022\/10\/laptop-upload-data-12469.png?ssl=1\" alt=\"\" class=\"uag-image-1766\" width=\"\" height=\"\" title=\"\" data-recalc-dims=\"1\"\/><\/figure><\/div>\n\n\n\n<div class=\"wp-block-uagb-info-box uagb-block-91e2d4ba uagb-infobox__content-wrap  uagb-infobox-icon-above-title uagb-infobox-image-valign-top\"><div class=\"uagb-ifb-content\"><div class=\"uagb-ifb-title-wrap\"><h3 class=\"uagb-ifb-title\">T\u00e9l\u00e9chargez votre photo <\/h3><\/div><p class=\"uagb-ifb-desc translation-block\">Ready, pose, snap !!<br>Pour un r\u00e9sultat optimal de la photo, vous pouvez suivre notre recommandation <a href=\"https:\/\/fluffyframes.com\/fr\/how-it-works#how-to-header\" title=\"comment prendre une bonne photo\" target=\"_self\">ici<\/a>.<\/p><\/div><\/div>\n<\/div>\n\n\n\n<div class=\"wp-block-column is-layout-flow wp-block-column-is-layout-flow\" style=\"flex-basis:33.33%\">\n<div class=\"wp-block-uagb-image uagb-block-5c5bdefa wp-block-uagb-image--layout-default wp-block-uagb-image--effect-static wp-block-uagb-image--align-center\"><figure class=\"wp-block-uagb-image__figure\"><img decoding=\"async\" srcset=\"https:\/\/i0.wp.com\/fluffyframes.com\/wp-content\/uploads\/2022\/10\/romantic-dinner-9004.png?ssl=1 \" src=\"https:\/\/i0.wp.com\/fluffyframes.com\/wp-content\/uploads\/2022\/10\/romantic-dinner-9004.png?ssl=1\" alt=\"\" class=\"uag-image-1767\" width=\"\" height=\"\" title=\"\" data-recalc-dims=\"1\"\/><\/figure><\/div>\n\n\n\n<div class=\"wp-block-uagb-info-box uagb-block-f895cb09 uagb-infobox__content-wrap  uagb-infobox-icon-above-title uagb-infobox-image-valign-top\"><div class=\"uagb-ifb-content\"><div class=\"uagb-ifb-title-wrap\"><h3 class=\"uagb-ifb-title\">Passez votre commande<\/h3><\/div><p class=\"uagb-ifb-desc\">Vous avez termin\u00e9. Nous ferons notre magie et vous recevrez un chef-d'\u0153uvre unique.<\/p><\/div><\/div>\n<\/div>\n<\/div>\n\n\n\n<h2 class=\"wp-block-heading\" id=\"how-to-header\">Comment prendre une super photo<\/h2>\n\n\n\n<div class=\"wp-block-group is-vertical is-content-justification-left is-layout-flex wp-container-core-group-layout-1 wp-block-group-is-layout-flex\" style=\"border-radius:5px;padding-top:9px;padding-right:9px;padding-bottom:9px;padding-left:9px\">\n<p>Suivez les conseils ci-dessous pour choisir la photo de votre animal de compagnie ! Ne vous inqui\u00e9tez pas si la photo n'est pas parfaite, notre \u00e9quipe d\u00e9di\u00e9e la v\u00e9rifiera juste apr\u00e8s votre commande et vous avertira si elle ne r\u00e9pond pas \u00e0 nos crit\u00e8res.<\/p>\n\n\n\n<div class=\"wp-block-columns is-layout-flex wp-container-core-columns-layout-2 wp-block-columns-is-layout-flex\">\n<div class=\"wp-block-column is-layout-flow wp-block-column-is-layout-flow\" style=\"flex-basis:100%\">\n<div class=\"wp-block-uagb-info-box uagb-block-c3c75fd5 uagb-infobox__content-wrap  uagb-infobox-icon-above-title uagb-infobox-image-valign-middle\"><div class=\"uagb-ifb-content\"><div class=\"uagb-ifb-icon-wrap\"><svg xmlns=\"https:\/\/www.w3.org\/2000\/svg\" viewbox=\"0 0 512 512\"><path d=\"M0 256C0 114.6 114.6 0 256 0C397.4 0 512 114.6 512 256C512 397.4 397.4 512 256 512C114.6 512 0 397.4 0 256zM371.8 211.8C382.7 200.9 382.7 183.1 371.8 172.2C360.9 161.3 343.1 161.3 332.2 172.2L224 280.4L179.8 236.2C168.9 225.3 151.1 225.3 140.2 236.2C129.3 247.1 129.3 264.9 140.2 275.8L204.2 339.8C215.1 350.7 232.9 350.7 243.8 339.8L371.8 211.8z\"><\/path><\/svg><\/div><div class=\"uagb-ifb-title-wrap\"><\/div><p class=\"uagb-ifb-desc\">Assurez-vous qu'il n'y a pas de flou. Nous savons que c'est difficile, mais essayez de faire en sorte que votre animal s'assoie ou reste immobile.<\/p><\/div><\/div>\n<\/div>\n\n\n\n<div class=\"wp-block-column is-layout-flow wp-block-column-is-layout-flow\" style=\"flex-basis:100%\">\n<div class=\"wp-block-uagb-info-box uagb-block-6df7fe72 uagb-infobox__content-wrap  uagb-infobox-icon-above-title uagb-infobox-image-valign-middle\"><div class=\"uagb-ifb-content\"><div class=\"uagb-ifb-icon-wrap\"><svg xmlns=\"https:\/\/www.w3.org\/2000\/svg\" viewbox=\"0 0 512 512\"><path d=\"M0 256C0 114.6 114.6 0 256 0C397.4 0 512 114.6 512 256C512 397.4 397.4 512 256 512C114.6 512 0 397.4 0 256zM371.8 211.8C382.7 200.9 382.7 183.1 371.8 172.2C360.9 161.3 343.1 161.3 332.2 172.2L224 280.4L179.8 236.2C168.9 225.3 151.1 225.3 140.2 236.2C129.3 247.1 129.3 264.9 140.2 275.8L204.2 339.8C215.1 350.7 232.9 350.7 243.8 339.8L371.8 211.8z\"><\/path><\/svg><\/div><div class=\"uagb-ifb-title-wrap\"><\/div><p class=\"uagb-ifb-desc\">Essayez d'inclure autant de lumi\u00e8re naturelle que possible. L'utilisation du flash n'est pas conseill\u00e9e.<\/p><\/div><\/div>\n<\/div>\n\n\n\n<div class=\"wp-block-column is-layout-flow wp-block-column-is-layout-flow\" style=\"flex-basis:100%\">\n<div class=\"wp-block-uagb-info-box uagb-block-d4f7acb9 uagb-infobox__content-wrap  uagb-infobox-icon-above-title uagb-infobox-image-valign-middle\"><div class=\"uagb-ifb-content\"><div class=\"uagb-ifb-icon-wrap\"><svg xmlns=\"https:\/\/www.w3.org\/2000\/svg\" viewbox=\"0 0 512 512\"><path d=\"M0 256C0 114.6 114.6 0 256 0C397.4 0 512 114.6 512 256C512 397.4 397.4 512 256 512C114.6 512 0 397.4 0 256zM371.8 211.8C382.7 200.9 382.7 183.1 371.8 172.2C360.9 161.3 343.1 161.3 332.2 172.2L224 280.4L179.8 236.2C168.9 225.3 151.1 225.3 140.2 236.2C129.3 247.1 129.3 264.9 140.2 275.8L204.2 339.8C215.1 350.7 232.9 350.7 243.8 339.8L371.8 211.8z\"><\/path><\/svg><\/div><div class=\"uagb-ifb-title-wrap\"><\/div><p class=\"uagb-ifb-desc\">Les photos en gros plan, \u00e0 hauteur des yeux de votre animal, sont les plus efficaces.<\/p><\/div><\/div>\n<\/div>\n\n\n\n<div class=\"wp-block-column is-layout-flow wp-block-column-is-layout-flow\" style=\"flex-basis:100%\">\n<div class=\"wp-block-uagb-info-box uagb-block-b0cd6850 uagb-infobox__content-wrap  uagb-infobox-icon-above-title uagb-infobox-image-valign-middle\"><div class=\"uagb-ifb-content\"><div class=\"uagb-ifb-icon-wrap\"><svg xmlns=\"https:\/\/www.w3.org\/2000\/svg\" viewbox=\"0 0 512 512\"><path d=\"M0 256C0 114.6 114.6 0 256 0C397.4 0 512 114.6 512 256C512 397.4 397.4 512 256 512C114.6 512 0 397.4 0 256zM371.8 211.8C382.7 200.9 382.7 183.1 371.8 172.2C360.9 161.3 343.1 161.3 332.2 172.2L224 280.4L179.8 236.2C168.9 225.3 151.1 225.3 140.2 236.2C129.3 247.1 129.3 264.9 140.2 275.8L204.2 339.8C215.1 350.7 232.9 350.7 243.8 339.8L371.8 211.8z\"><\/path><\/svg><\/div><div class=\"uagb-ifb-title-wrap\"><\/div><p class=\"uagb-ifb-desc\">Montrez-nous votre animal dans toute sa gloire. Veillez \u00e0 ce que les longues oreilles tombantes soient bien cadr\u00e9es.<\/p><\/div><\/div>\n<\/div>\n<\/div>\n<\/div>","protected":false},"excerpt":{"rendered":"","protected":false},"author":1,"featured_media":0,"parent":0,"menu_order":0,"comment_status":"closed","ping_status":"closed","template":"","meta":{"_uag_custom_page_level_css":"","site-sidebar-layout":"default","site-content-layout":"default","ast-global-header-display":"","ast-banner-title-visibility":"","ast-main-header-display":"","ast-hfb-above-header-display":"","ast-hfb-below-header-display":"","ast-hfb-mobile-header-display":"","site-post-title":"","ast-breadcrumbs-content":"","ast-featured-img":"","footer-sml-layout":"","theme-transparent-header-meta":"","adv-header-id-meta":"","stick-header-meta":"","header-above-stick-meta":"","header-main-stick-meta":"","header-below-stick-meta":"","footnotes":""},"aioseo_notices":[],"jetpack_sharing_enabled":true,"uagb_featured_image_src":{"full":false,"thumbnail":false,"medium":false,"medium_large":false,"large":false,"1536x1536":false,"2048x2048":false,"trp-custom-language-flag":false,"woocommerce_thumbnail":false,"woocommerce_single":false,"woocommerce_gallery_thumbnail":false},"uagb_author_info":{"display_name":"Admin","author_link":"https:\/\/fluffyframes.com\/fr\/author\/redavid5221gmail-com\/"},"uagb_comment_info":0,"uagb_excerpt":null,"_links":{"self":[{"href":"https:\/\/fluffyframes.com\/fr\/wp-json\/wp\/v2\/pages\/1696"}],"collection":[{"href":"https:\/\/fluffyframes.com\/fr\/wp-json\/wp\/v2\/pages"}],"about":[{"href":"https:\/\/fluffyframes.com\/fr\/wp-json\/wp\/v2\/types\/page"}],"author":[{"embeddable":true,"href":"https:\/\/fluffyframes.com\/fr\/wp-json\/wp\/v2\/users\/1"}],"replies":[{"embeddable":true,"href":"https:\/\/fluffyframes.com\/fr\/wp-json\/wp\/v2\/comments?post=1696"}],"version-history":[{"count":20,"href":"https:\/\/fluffyframes.com\/fr\/wp-json\/wp\/v2\/pages\/1696\/revisions"}],"predecessor-version":[{"id":1904,"href":"https:\/\/fluffyframes.com\/fr\/wp-json\/wp\/v2\/pages\/1696\/revisions\/1904"}],"wp:attachment":[{"href":"https:\/\/fluffyframes.com\/fr\/wp-json\/wp\/v2\/media?parent=1696"}],"curies":[{"name":"wp","href":"https:\/\/api.w.org\/{rel}","templated":true}]}}