{"id":1002,"date":"2021-10-08T06:08:04","date_gmt":"2021-10-08T06:08:04","guid":{"rendered":"http:\/\/fluffyframes.com\/?page_id=1002"},"modified":"2022-11-07T23:38:08","modified_gmt":"2022-11-07T21:38:08","slug":"about","status":"publish","type":"page","link":"https:\/\/fluffyframes.com\/fr\/about\/","title":{"rendered":"About"},"content":{"rendered":"<div class=\"wp-block-uagb-container uagb-block-655aaee2 alignfull uagb-is-root-container\"><div class=\"uagb-container-inner-blocks-wrap\">\n<div class=\"wp-block-uagb-container uagb-block-b54702b1\">\n<div class=\"wp-block-uagb-image uagb-block-f3d65f80 wp-block-uagb-image--layout-default wp-block-uagb-image--effect-static wp-block-uagb-image--align-none\"><figure class=\"wp-block-uagb-image__figure\"><img loading=\"lazy\" decoding=\"async\" srcset=\"https:\/\/i0.wp.com\/fluffyframes.com\/wp-content\/uploads\/2022\/10\/Prodigi-frame-backing-1024x682.jpg?resize=1024%2C682&#038;ssl=1 , http:\/\/fluffyframes.com\/wp-content\/uploads\/2021\/08\/Group-107.jpg 360w\" src=\"https:\/\/i0.wp.com\/fluffyframes.com\/wp-content\/uploads\/2022\/10\/Prodigi-frame-backing-1024x682.jpg?resize=1024%2C682&#038;ssl=1\" alt=\"our labs\" class=\"uag-image-1950\" width=\"1024\" height=\"682\" title=\"\" data-recalc-dims=\"1\"\/><\/figure><\/div>\n<\/div>\n\n\n\n<div class=\"wp-block-uagb-container uagb-block-bfef6b5a\">\n<div class=\"wp-block-uagb-container uagb-block-f9e634ab default uagb-is-root-container\">\n<div class=\"wp-block-uagb-advanced-heading uagb-block-8c70a01b\"><h1 class=\"uagb-heading-text\">A propos de nous<\/h1><\/div>\n\n\n\n<div class=\"wp-block-uagb-info-box uagb-block-abca2f8a uagb-infobox__content-wrap  uagb-infobox-icon-above-title uagb-infobox-image-valign-top\"><div class=\"uagb-ifb-content\"><div class=\"uagb-ifb-title-wrap\"><\/div><p class=\"uagb-ifb-desc\">Nous sommes une petite \u00e9quipe d'artistes bas\u00e9e \u00e0 Paris, et nous souhaitons apporter notre vision artistique \u00e0 tous.<br><br>Nous avons commenc\u00e9 \u00e0 explorer les id\u00e9es possibles pour cr\u00e9er quelque chose de diff\u00e9rent, unique et \u00e9blouissant \u00e0 la fois.<br><br>Nous avons pens\u00e9 que, comme nous, chaque animal de compagnie a sa propre personnalit\u00e9, son propre caract\u00e8re et ses propres avantages. Par cons\u00e9quent, nos amis \u00e0 fourrure bien-aim\u00e9s m\u00e9ritent tout autant.<\/p><\/div><\/div>\n<\/div>\n<\/div>\n\n\n\n<div class=\"wp-block-uagb-container uagb-block-fc417105\">\n<div class=\"wp-block-uagb-container uagb-block-ea121f48 default uagb-is-root-container\">\n<div class=\"wp-block-uagb-advanced-heading uagb-block-70dd307f\"><h1 class=\"uagb-heading-text\">Ce que nous faisons<\/h1><\/div>\n\n\n\n<p>Enfin, notre objectif principal est de fournir le cadeau le plus unique pour vous, votre animal et toute personne qui aime les animaux autant que nous.<\/p>\n\n\n\n<p>Nos portraits personnalis\u00e9s d'animaux de compagnie sont r\u00e9alis\u00e9s avec pr\u00e9cision et avec le souci du d\u00e9tail. <\/p>\n\n\n\n<p>Chaque r\u00e9sultat est diff\u00e9rent, de haute qualit\u00e9 et s'adaptera \u00e0 tous les foyers.<\/p>\n\n\n\n<p>Nous utilisons les derni\u00e8res technologies et des mat\u00e9riaux \u00e9cologiques pour tous nos produits. Nous les concevons \u00e0 Paris et les fabriquons en Europe.<\/p>\n<\/div>\n<\/div>\n\n\n\n<div class=\"wp-block-uagb-container uagb-block-5b86cdc4\">\n<div class=\"wp-block-uagb-image uagb-block-1aeb7e18 wp-block-uagb-image--layout-default wp-block-uagb-image--effect-static wp-block-uagb-image--align-none\"><figure class=\"wp-block-uagb-image__figure\"><img decoding=\"async\" srcset=\"https:\/\/i0.wp.com\/fluffyframes.com\/wp-content\/uploads\/2022\/10\/Prodigi-inside-the-lab-A-1024x682.jpg?resize=1024%2C682&#038;ssl=1 \" src=\"https:\/\/i0.wp.com\/fluffyframes.com\/wp-content\/uploads\/2022\/10\/Prodigi-inside-the-lab-A-1024x682.jpg?resize=1024%2C682&#038;ssl=1\" alt=\"inside our labs\" class=\"uag-image-1955\" width=\"\" height=\"\" title=\"\" data-recalc-dims=\"1\"\/><\/figure><\/div>\n<\/div>\n<\/div><\/div>\n\n\n\n<hr class=\"wp-block-separator has-alpha-channel-opacity is-style-dots\"\/>\n\n\n\n<div class=\"wp-block-uagb-container uagb-block-ed89f8d2 alignfull uagb-is-root-container\"><div class=\"uagb-container-inner-blocks-wrap\">\n<div class=\"wp-block-uagb-container uagb-block-ce32643e\">\n<div class=\"wp-block-uagb-image uagb-block-8cab7ef6 wp-block-uagb-image--layout-default wp-block-uagb-image--effect-static wp-block-uagb-image--align-center\"><figure class=\"wp-block-uagb-image__figure\"><img decoding=\"async\" srcset=\"https:\/\/i0.wp.com\/fluffyframes.com\/wp-content\/uploads\/2022\/10\/pexels-anna-shvets-4587979pexels-anna-shvets-4587979pexels-anna-shvets-4587979-scaled-e1665511408307-975x1024.jpg?resize=975%2C1024&#038;ssl=1 \" src=\"https:\/\/i0.wp.com\/fluffyframes.com\/wp-content\/uploads\/2022\/10\/pexels-anna-shvets-4587979pexels-anna-shvets-4587979pexels-anna-shvets-4587979-scaled-e1665511408307-975x1024.jpg?resize=975%2C1024&#038;ssl=1\" alt=\"Shiba Inu\" class=\"uag-image-1967\" width=\"\" height=\"\" title=\"\" data-recalc-dims=\"1\"\/><figcaption class=\"uagb-image-caption\">Notre mascotte, Yuky \ud83d\ude42 <\/figcaption><\/figure><\/div>\n<\/div>\n<\/div><\/div>","protected":false},"excerpt":{"rendered":"<p>About Us What we do Finally, our main purpose is to provide the most unique gift for you, your pet and anyone who loves animals as much as we do. Our personalized pet portraits are crafted with precision and cure for details. Each result is different, high quality and will fit in every home. We &hellip;<\/p>\n<p class=\"read-more\"> <a class=\"\" href=\"https:\/\/fluffyframes.com\/fr\/about\/\"> <span class=\"screen-reader-text\">About<\/span> Lire la suite\u00a0\u00bb<\/a><\/p>","protected":false},"author":1,"featured_media":0,"parent":0,"menu_order":0,"comment_status":"closed","ping_status":"closed","template":"","meta":{"_uag_custom_page_level_css":"","site-sidebar-layout":"no-sidebar","site-content-layout":"plain-container","ast-global-header-display":"","ast-banner-title-visibility":"","ast-main-header-display":"","ast-hfb-above-header-display":"","ast-hfb-below-header-display":"","ast-hfb-mobile-header-display":"","site-post-title":"disabled","ast-breadcrumbs-content":"","ast-featured-img":"disabled","footer-sml-layout":"","theme-transparent-header-meta":"disabled","adv-header-id-meta":"","stick-header-meta":"","header-above-stick-meta":"","header-main-stick-meta":"","header-below-stick-meta":"","footnotes":""},"aioseo_notices":[],"jetpack_sharing_enabled":true,"uagb_featured_image_src":{"full":false,"thumbnail":false,"medium":false,"medium_large":false,"large":false,"1536x1536":false,"2048x2048":false,"trp-custom-language-flag":false,"woocommerce_thumbnail":false,"woocommerce_single":false,"woocommerce_gallery_thumbnail":false},"uagb_author_info":{"display_name":"Admin","author_link":"https:\/\/fluffyframes.com\/fr\/author\/redavid5221gmail-com\/"},"uagb_comment_info":0,"uagb_excerpt":"About Us What we do Finally, our main purpose is to provide the most unique gift for you, your pet and anyone who loves animals as much as we do. Our personalized pet portraits are crafted with precision and cure for details. Each result is different, high quality and will fit in every home. We\u2026","_links":{"self":[{"href":"https:\/\/fluffyframes.com\/fr\/wp-json\/wp\/v2\/pages\/1002"}],"collection":[{"href":"https:\/\/fluffyframes.com\/fr\/wp-json\/wp\/v2\/pages"}],"about":[{"href":"https:\/\/fluffyframes.com\/fr\/wp-json\/wp\/v2\/types\/page"}],"author":[{"embeddable":true,"href":"https:\/\/fluffyframes.com\/fr\/wp-json\/wp\/v2\/users\/1"}],"replies":[{"embeddable":true,"href":"https:\/\/fluffyframes.com\/fr\/wp-json\/wp\/v2\/comments?post=1002"}],"version-history":[{"count":15,"href":"https:\/\/fluffyframes.com\/fr\/wp-json\/wp\/v2\/pages\/1002\/revisions"}],"predecessor-version":[{"id":2268,"href":"https:\/\/fluffyframes.com\/fr\/wp-json\/wp\/v2\/pages\/1002\/revisions\/2268"}],"wp:attachment":[{"href":"https:\/\/fluffyframes.com\/fr\/wp-json\/wp\/v2\/media?parent=1002"}],"curies":[{"name":"wp","href":"https:\/\/api.w.org\/{rel}","templated":true}]}}